{"id":15,"date":"2024-09-17T13:07:44","date_gmt":"2024-09-17T11:07:44","guid":{"rendered":"https:\/\/www.fznet.at\/?page_id=15"},"modified":"2026-03-29T12:16:51","modified_gmt":"2026-03-29T10:16:51","slug":"kontakt","status":"publish","type":"page","link":"https:\/\/www.fznet.at\/?page_id=15","title":{"rendered":"Kontakt"},"content":{"rendered":"\t\t<div data-elementor-type=\"wp-page\" data-elementor-id=\"15\" class=\"elementor elementor-15\">\n\t\t\t\t<div class=\"elementor-element elementor-element-e265098 e-flex e-con-boxed e-con e-parent\" data-id=\"e265098\" data-element_type=\"container\" data-e-type=\"container\">\n\t\t\t\t\t<div class=\"e-con-inner\">\n\t\t\t\t<div class=\"elementor-element elementor-element-d6f0f69 elementor-widget elementor-widget-heading\" data-id=\"d6f0f69\" data-element_type=\"widget\" data-e-type=\"widget\" data-widget_type=\"heading.default\">\n\t\t\t\t<div class=\"elementor-widget-container\">\n\t\t\t\t\t<h2 class=\"elementor-heading-title elementor-size-default\">Feedback<\/h2>\t\t\t\t<\/div>\n\t\t\t\t<\/div>\n\t\t\t\t\t<\/div>\n\t\t\t\t<\/div>\n\t\t<div class=\"elementor-element elementor-element-2dfb5e06 e-flex e-con-boxed e-con e-parent\" data-id=\"2dfb5e06\" data-element_type=\"container\" data-e-type=\"container\">\n\t\t\t\t\t<div class=\"e-con-inner\">\n\t\t\t\t<div class=\"elementor-element elementor-element-72156410 elementor-widget elementor-widget-text-editor\" data-id=\"72156410\" data-element_type=\"widget\" data-e-type=\"widget\" data-widget_type=\"text-editor.default\">\n\t\t\t\t<div class=\"elementor-widget-container\">\n\t\t\t\t\t\t\t\t\t<p><\/p>\n<p>Das Reiseteam ist w\u00e4hrend der Reisen und auch anschlie\u00dfend erreichbar unter RDO@fznet.at .<br \/>Die Mailbox wird von Reinold und Bernhard bearbeitet.<\/p>\n<p><\/p>\t\t\t\t\t\t\t\t<\/div>\n\t\t\t\t<\/div>\n\t\t\t\t\t<\/div>\n\t\t\t\t<\/div>\n\t\t<div class=\"elementor-element elementor-element-204d877 e-flex e-con-boxed e-con e-parent\" data-id=\"204d877\" data-element_type=\"container\" data-e-type=\"container\">\n\t\t\t\t\t<div class=\"e-con-inner\">\n\t\t\t\t<div class=\"elementor-element elementor-element-62a23e3 elementor-widget elementor-widget-heading\" data-id=\"62a23e3\" data-element_type=\"widget\" data-e-type=\"widget\" data-widget_type=\"heading.default\">\n\t\t\t\t<div class=\"elementor-widget-container\">\n\t\t\t\t\t<h2 class=\"elementor-heading-title elementor-size-default\">Unterst\u00fctzung<\/h2>\t\t\t\t<\/div>\n\t\t\t\t<\/div>\n\t\t\t\t\t<\/div>\n\t\t\t\t<\/div>\n\t\t<div class=\"elementor-element elementor-element-9f9af9d e-flex e-con-boxed e-con e-parent\" data-id=\"9f9af9d\" data-element_type=\"container\" data-e-type=\"container\">\n\t\t\t\t\t<div class=\"e-con-inner\">\n\t\t\t\t<div class=\"elementor-element elementor-element-0e18d0b elementor-widget elementor-widget-text-editor\" data-id=\"0e18d0b\" data-element_type=\"widget\" data-e-type=\"widget\" data-widget_type=\"text-editor.default\">\n\t\t\t\t<div class=\"elementor-widget-container\">\n\t\t\t\t\t\t\t\t\t<p><span style=\"color: #000000;\"><strong>Die Umsetzung dieser Vorhaben verlangt den Einsatz von finanziellen Mitteln f\u00fcr Ger\u00e4te, Fahrzeuge, externe Unterst\u00fctzung, etc.<\/strong><\/span><\/p>\n<p>Im Einzelnen (excl. lokale Personalaufw\u00e4nde):\u00a0<\/p>\n<ul>\n<li><strong>Stra\u00dfenfahrzeuge (E-Tuktuk, E-Motorrad, E.Lastenfahrrad): <\/strong><span class=\"fontstyle2\">F\u00fcr die ersten 3 E-Fahrzeuge incl. Wechselakkus und Zubeh\u00f6r wurden bisher ca. EUR 11.000.- investiert. Wir wollen gerne auch an anderen RDO-Standorten E-Fahrzeuge ankaufen.<\/span><\/li>\n<li>F\u00fcr den <strong>Prototypen eines E-Einachsschleppers<\/strong>: ca. EUR 10.000.-<br \/>Der Aufbau einer ersten <strong>Produktionsst\u00e4tte<\/strong> f\u00fcr die Serienfertigung wird Investitionen von mehr als EUR 100.000.- bedeuten. Wir sind mit Unternehmen, Stiftungen und anderen Organisationen in Kontakt.\u00a0<\/li>\n<li><strong>Syntropische Landwirtschaft<\/strong> <strong>\/ Wiederaufforstung<\/strong>: f\u00fcr die Pilotphase von 5 Jahren rechnen wir mit Kosten von EUR 12.000.- f\u00fcr Pflanzmaterial, Ger\u00e4te und externe Dienstleistungen.<\/li>\n<li><strong>Lehmherd<\/strong>: Bisher sind knapp EUR 1.000 angefallen f\u00fcr Werkzeug, Transporte\u00a0 und andere Hilfsmittel.\u00a0\u00a0<\/li>\n<\/ul>\n<p>Alle Projektarbeiten der Unterst\u00fctzerInnen aus Vorarlberg erfolgen ehrenamtlich.\u00a0<\/p>\n<p><span class=\"fontstyle0\"><span style=\"color: #ff0000;\"><strong>Wenn du diese Vorhaben finanziell unterst\u00fctzen<\/strong><\/span> <span style=\"color: #ff0000;\"><strong>willst, spende bitte an die Eine-Welt-Gruppe<\/strong><\/span> <span style=\"color: #ff0000;\"><strong>Schlins-R\u00f6ns und gib als Verwendungszweck <\/strong><\/span><span style=\"color: #ff0000;\"><strong>\u201eKlimaschutz-Projekte\u201c an. Wir versuchen, die Klimaschutzprojekte m\u00f6glichst ausserhalb der eh schon klammen Budgets der Eine-Welt-Gruppe und der RDO zu finanzieren.<\/strong><\/span><br \/><\/span><span class=\"fontstyle2\">Die Spende ist steuerlich absetzbar <span class=\"fontstyle0\">(Vor- und Zunamen + Geburtsdatum im Verwendungszweck angeben)<\/span>. <br \/>F\u00fcr R\u00fcckfragen: <\/span><span class=\"fontstyle2\">RDO@fznet.at <br \/><\/span><span class=\"fontstyle2\" style=\"color: #000000;\">Eine-Welt-Gruppe Schlins &#8211; R\u00f6ns<br \/>Raiffeisenbank WalgauGro\u00dfwalsertal<br \/>IBAN: <span class=\"fontstyle0\">AT03 3745 8000 0243 4793<\/span>\u00a0<br \/>BIC: RVVGAT2B458<\/span><\/p>\n<p>Weitere <a href=\"https:\/\/www.eineweltgruppe.at\/post\/unterstutzungmoglichkeiten\">Unterst\u00fctzungsm\u00f6glichkeiten<\/a><\/p>\n<p><span style=\"color: #000000;\">Herzlichen Dank<\/span><\/p>\t\t\t\t\t\t\t\t<\/div>\n\t\t\t\t<\/div>\n\t\t\t\t\t<\/div>\n\t\t\t\t<\/div>\n\t\t\t\t<\/div>\n\t\t","protected":false},"excerpt":{"rendered":"<p>Feedback Das Reiseteam ist w\u00e4hrend der Reisen und auch anschlie\u00dfend erreichbar unter RDO@fznet.at .Die Mailbox wird von Reinold und Bernhard bearbeitet. Unterst\u00fctzung Die Umsetzung dieser Vorhaben verlangt den Einsatz von finanziellen Mitteln f\u00fcr Ger\u00e4te, Fahrzeuge, externe Unterst\u00fctzung, etc. Im Einzelnen (excl. lokale Personalaufw\u00e4nde):\u00a0 Stra\u00dfenfahrzeuge (E-Tuktuk, E-Motorrad, E.Lastenfahrrad): F\u00fcr die ersten 3 E-Fahrzeuge incl. Wechselakkus und [&hellip;]<\/p>\n","protected":false},"author":1,"featured_media":0,"parent":0,"menu_order":0,"comment_status":"closed","ping_status":"closed","template":"","meta":{"om_disable_all_campaigns":false,"_monsterinsights_skip_tracking":false,"_monsterinsights_sitenote_active":false,"_monsterinsights_sitenote_note":"","_monsterinsights_sitenote_category":0,"ocean_post_layout":"","ocean_both_sidebars_style":"","ocean_both_sidebars_content_width":0,"ocean_both_sidebars_sidebars_width":0,"ocean_sidebar":"","ocean_second_sidebar":"","ocean_disable_margins":"enable","ocean_add_body_class":"","ocean_shortcode_before_top_bar":"","ocean_shortcode_after_top_bar":"","ocean_shortcode_before_header":"","ocean_shortcode_after_header":"","ocean_has_shortcode":"","ocean_shortcode_after_title":"","ocean_shortcode_before_footer_widgets":"","ocean_shortcode_after_footer_widgets":"","ocean_shortcode_before_footer_bottom":"","ocean_shortcode_after_footer_bottom":"","ocean_display_top_bar":"default","ocean_display_header":"default","ocean_header_style":"","ocean_center_header_left_menu":"","ocean_custom_header_template":"","ocean_custom_logo":0,"ocean_custom_retina_logo":0,"ocean_custom_logo_max_width":0,"ocean_custom_logo_tablet_max_width":0,"ocean_custom_logo_mobile_max_width":0,"ocean_custom_logo_max_height":0,"ocean_custom_logo_tablet_max_height":0,"ocean_custom_logo_mobile_max_height":0,"ocean_header_custom_menu":"","ocean_menu_typo_font_family":"","ocean_menu_typo_font_subset":"","ocean_menu_typo_font_size":0,"ocean_menu_typo_font_size_tablet":0,"ocean_menu_typo_font_size_mobile":0,"ocean_menu_typo_font_size_unit":"px","ocean_menu_typo_font_weight":"","ocean_menu_typo_font_weight_tablet":"","ocean_menu_typo_font_weight_mobile":"","ocean_menu_typo_transform":"","ocean_menu_typo_transform_tablet":"","ocean_menu_typo_transform_mobile":"","ocean_menu_typo_line_height":0,"ocean_menu_typo_line_height_tablet":0,"ocean_menu_typo_line_height_mobile":0,"ocean_menu_typo_line_height_unit":"","ocean_menu_typo_spacing":0,"ocean_menu_typo_spacing_tablet":0,"ocean_menu_typo_spacing_mobile":0,"ocean_menu_typo_spacing_unit":"","ocean_menu_link_color":"","ocean_menu_link_color_hover":"","ocean_menu_link_color_active":"","ocean_menu_link_background":"","ocean_menu_link_hover_background":"","ocean_menu_link_active_background":"","ocean_menu_social_links_bg":"","ocean_menu_social_hover_links_bg":"","ocean_menu_social_links_color":"","ocean_menu_social_hover_links_color":"","ocean_disable_title":"default","ocean_disable_heading":"default","ocean_post_title":"","ocean_post_subheading":"","ocean_post_title_style":"","ocean_post_title_background_color":"","ocean_post_title_background":0,"ocean_post_title_bg_image_position":"","ocean_post_title_bg_image_attachment":"","ocean_post_title_bg_image_repeat":"","ocean_post_title_bg_image_size":"","ocean_post_title_height":0,"ocean_post_title_bg_overlay":0.5,"ocean_post_title_bg_overlay_color":"","ocean_disable_breadcrumbs":"default","ocean_breadcrumbs_color":"","ocean_breadcrumbs_separator_color":"","ocean_breadcrumbs_links_color":"","ocean_breadcrumbs_links_hover_color":"","ocean_display_footer_widgets":"default","ocean_display_footer_bottom":"default","ocean_custom_footer_template":"","footnotes":""},"class_list":["post-15","page","type-page","status-publish","hentry","entry"],"aioseo_notices":[],"_links":{"self":[{"href":"https:\/\/www.fznet.at\/index.php?rest_route=\/wp\/v2\/pages\/15","targetHints":{"allow":["GET"]}}],"collection":[{"href":"https:\/\/www.fznet.at\/index.php?rest_route=\/wp\/v2\/pages"}],"about":[{"href":"https:\/\/www.fznet.at\/index.php?rest_route=\/wp\/v2\/types\/page"}],"author":[{"embeddable":true,"href":"https:\/\/www.fznet.at\/index.php?rest_route=\/wp\/v2\/users\/1"}],"replies":[{"embeddable":true,"href":"https:\/\/www.fznet.at\/index.php?rest_route=%2Fwp%2Fv2%2Fcomments&post=15"}],"version-history":[{"count":80,"href":"https:\/\/www.fznet.at\/index.php?rest_route=\/wp\/v2\/pages\/15\/revisions"}],"predecessor-version":[{"id":2487,"href":"https:\/\/www.fznet.at\/index.php?rest_route=\/wp\/v2\/pages\/15\/revisions\/2487"}],"wp:attachment":[{"href":"https:\/\/www.fznet.at\/index.php?rest_route=%2Fwp%2Fv2%2Fmedia&parent=15"}],"curies":[{"name":"wp","href":"https:\/\/api.w.org\/{rel}","templated":true}]}}