{"id":7,"date":"2024-09-17T11:19:12","date_gmt":"2024-09-17T09:19:12","guid":{"rendered":"https:\/\/www.fznet.at\/?page_id=7"},"modified":"2026-03-11T22:58:49","modified_gmt":"2026-03-11T21:58:49","slug":"home","status":"publish","type":"page","link":"https:\/\/www.fznet.at\/","title":{"rendered":"Home"},"content":{"rendered":"\t\t<div data-elementor-type=\"wp-page\" data-elementor-id=\"7\" class=\"elementor elementor-7\">\n\t\t\t\t<div class=\"elementor-element elementor-element-eb360ad e-flex e-con-boxed e-con e-parent\" data-id=\"eb360ad\" data-element_type=\"container\" data-e-type=\"container\">\n\t\t\t\t\t<div class=\"e-con-inner\">\n\t\t\t\t<div class=\"elementor-element elementor-element-2bc1e79 elementor-widget elementor-widget-image\" data-id=\"2bc1e79\" data-element_type=\"widget\" data-e-type=\"widget\" data-widget_type=\"image.default\">\n\t\t\t\t<div class=\"elementor-widget-container\">\n\t\t\t\t\t\t\t\t\t\t\t\t\t\t\t<img fetchpriority=\"high\" decoding=\"async\" width=\"1024\" height=\"683\" src=\"https:\/\/www.fznet.at\/wp-content\/uploads\/2026\/02\/DSCF9408-1024x683.jpg\" class=\"attachment-large size-large wp-image-1783\" alt=\"\" srcset=\"https:\/\/www.fznet.at\/wp-content\/uploads\/2026\/02\/DSCF9408-1024x683.jpg 1024w, https:\/\/www.fznet.at\/wp-content\/uploads\/2026\/02\/DSCF9408-300x200.jpg 300w, https:\/\/www.fznet.at\/wp-content\/uploads\/2026\/02\/DSCF9408-768x512.jpg 768w, https:\/\/www.fznet.at\/wp-content\/uploads\/2026\/02\/DSCF9408-1536x1024.jpg 1536w, https:\/\/www.fznet.at\/wp-content\/uploads\/2026\/02\/DSCF9408-2048x1365.jpg 2048w\" sizes=\"(max-width: 1024px) 100vw, 1024px\" \/>\t\t\t\t\t\t\t\t\t\t\t\t\t\t\t<\/div>\n\t\t\t\t<\/div>\n\t\t\t\t\t<\/div>\n\t\t\t\t<\/div>\n\t\t<div class=\"elementor-element elementor-element-67351c6 e-flex e-con-boxed e-con e-parent\" data-id=\"67351c6\" data-element_type=\"container\" data-e-type=\"container\">\n\t\t\t\t\t<div class=\"e-con-inner\">\n\t\t\t\t<div class=\"elementor-element elementor-element-147b8e9 elementor-widget elementor-widget-text-editor\" data-id=\"147b8e9\" data-element_type=\"widget\" data-e-type=\"widget\" data-widget_type=\"text-editor.default\">\n\t\t\t\t<div class=\"elementor-widget-container\">\n\t\t\t\t\t\t\t\t\t<p>In diesem Reiseblog berichten Reinold und Bernhard \u00fcber ihre Reiseerlebnisse in Tansania im Rahmen der Projekte der <a href=\"https:\/\/www.eineweltgruppe.at\/\">Eine-Welt-Gruppe Schlins-R\u00f6ns<\/a> und der <a href=\"https:\/\/www.rdo.or.tz\/\">RDO<\/a>. F\u00fcr unsere Familien, Freundinnen und Freunde, Bekannte. Neben Reiseerlebnissen wollen wir aber auch Hintergrundinformation zu Land, Leuten und unseren <a href=\"https:\/\/www.fznet.at\/?page_id=98\">Projekten<\/a> bieten.<\/p><p>Im <a href=\"https:\/\/www.fznet.at\/?page_id=1635\">Herbst 2024<\/a> waren Reinold, David und Bernhard einen Monat vor Ort.<\/p><p>Seit 10. M\u00e4rz 2026 ist Reinold wieder unterwegs, um die n\u00e4chsten Schritte der <a href=\"https:\/\/www.eineweltgruppe.at\/post\/syntropische-landwirtschaft-pilotprojekt\">Wiederaufforstung (Syntropische Landwirtschaft)<\/a> zu begleiten, um am Pilotprojekt des von 3 Vorarlberger FH-Studenten gebauten <a href=\"https:\/\/www.eineweltgruppe.at\/post\/elektrifizierung-landwirtschaftlicher-maschinen\">E-Schleppers<\/a> weiterzuarbeiten und um erste Lehmspar\u00f6fen zu bauen. Die Reise haben Reinold und Bernhard gemeinsamen vorbereit. Neben Reiseerlebnissen wollen wir aber auch Hintergrundinformation zu Land, Leuten und unseren <a href=\"https:\/\/www.fznet.at\/?page_id=98\">Projekten<\/a> bieten.<\/p><p>Hier kann man die Reise verfolgen, zum <a href=\"https:\/\/www.fznet.at\/?cat=10\">Reisetagebuch 2026<\/a>.<\/p>\t\t\t\t\t\t\t\t<\/div>\n\t\t\t\t<\/div>\n\t\t\t\t\t<\/div>\n\t\t\t\t<\/div>\n\t\t\t\t<\/div>\n\t\t","protected":false},"excerpt":{"rendered":"<p>In diesem Reiseblog berichten Reinold und Bernhard \u00fcber ihre Reiseerlebnisse in Tansania im Rahmen der Projekte der Eine-Welt-Gruppe Schlins-R\u00f6ns und der RDO. F\u00fcr unsere Familien, Freundinnen und Freunde, Bekannte. Neben Reiseerlebnissen wollen wir aber auch Hintergrundinformation zu Land, Leuten und unseren Projekten bieten. Im Herbst 2024 waren Reinold, David und Bernhard einen Monat vor Ort. [&hellip;]<\/p>\n","protected":false},"author":1,"featured_media":0,"parent":0,"menu_order":0,"comment_status":"closed","ping_status":"closed","template":"","meta":{"om_disable_all_campaigns":false,"_monsterinsights_skip_tracking":false,"_monsterinsights_sitenote_active":false,"_monsterinsights_sitenote_note":"","_monsterinsights_sitenote_category":0,"ocean_post_layout":"","ocean_both_sidebars_style":"","ocean_both_sidebars_content_width":0,"ocean_both_sidebars_sidebars_width":0,"ocean_sidebar":"","ocean_second_sidebar":"","ocean_disable_margins":"enable","ocean_add_body_class":"","ocean_shortcode_before_top_bar":"","ocean_shortcode_after_top_bar":"","ocean_shortcode_before_header":"","ocean_shortcode_after_header":"","ocean_has_shortcode":"","ocean_shortcode_after_title":"","ocean_shortcode_before_footer_widgets":"","ocean_shortcode_after_footer_widgets":"","ocean_shortcode_before_footer_bottom":"","ocean_shortcode_after_footer_bottom":"","ocean_display_top_bar":"default","ocean_display_header":"default","ocean_header_style":"","ocean_center_header_left_menu":"","ocean_custom_header_template":"","ocean_custom_logo":0,"ocean_custom_retina_logo":0,"ocean_custom_logo_max_width":0,"ocean_custom_logo_tablet_max_width":0,"ocean_custom_logo_mobile_max_width":0,"ocean_custom_logo_max_height":0,"ocean_custom_logo_tablet_max_height":0,"ocean_custom_logo_mobile_max_height":0,"ocean_header_custom_menu":"","ocean_menu_typo_font_family":"","ocean_menu_typo_font_subset":"","ocean_menu_typo_font_size":0,"ocean_menu_typo_font_size_tablet":0,"ocean_menu_typo_font_size_mobile":0,"ocean_menu_typo_font_size_unit":"px","ocean_menu_typo_font_weight":"","ocean_menu_typo_font_weight_tablet":"","ocean_menu_typo_font_weight_mobile":"","ocean_menu_typo_transform":"","ocean_menu_typo_transform_tablet":"","ocean_menu_typo_transform_mobile":"","ocean_menu_typo_line_height":0,"ocean_menu_typo_line_height_tablet":0,"ocean_menu_typo_line_height_mobile":0,"ocean_menu_typo_line_height_unit":"","ocean_menu_typo_spacing":0,"ocean_menu_typo_spacing_tablet":0,"ocean_menu_typo_spacing_mobile":0,"ocean_menu_typo_spacing_unit":"","ocean_menu_link_color":"","ocean_menu_link_color_hover":"","ocean_menu_link_color_active":"","ocean_menu_link_background":"","ocean_menu_link_hover_background":"","ocean_menu_link_active_background":"","ocean_menu_social_links_bg":"","ocean_menu_social_hover_links_bg":"","ocean_menu_social_links_color":"","ocean_menu_social_hover_links_color":"","ocean_disable_title":"default","ocean_disable_heading":"default","ocean_post_title":"","ocean_post_subheading":"","ocean_post_title_style":"","ocean_post_title_background_color":"","ocean_post_title_background":0,"ocean_post_title_bg_image_position":"","ocean_post_title_bg_image_attachment":"","ocean_post_title_bg_image_repeat":"","ocean_post_title_bg_image_size":"","ocean_post_title_height":0,"ocean_post_title_bg_overlay":0.5,"ocean_post_title_bg_overlay_color":"","ocean_disable_breadcrumbs":"default","ocean_breadcrumbs_color":"","ocean_breadcrumbs_separator_color":"","ocean_breadcrumbs_links_color":"","ocean_breadcrumbs_links_hover_color":"","ocean_display_footer_widgets":"default","ocean_display_footer_bottom":"default","ocean_custom_footer_template":"","footnotes":""},"class_list":["post-7","page","type-page","status-publish","hentry","entry"],"aioseo_notices":[],"_links":{"self":[{"href":"https:\/\/www.fznet.at\/index.php?rest_route=\/wp\/v2\/pages\/7","targetHints":{"allow":["GET"]}}],"collection":[{"href":"https:\/\/www.fznet.at\/index.php?rest_route=\/wp\/v2\/pages"}],"about":[{"href":"https:\/\/www.fznet.at\/index.php?rest_route=\/wp\/v2\/types\/page"}],"author":[{"embeddable":true,"href":"https:\/\/www.fznet.at\/index.php?rest_route=\/wp\/v2\/users\/1"}],"replies":[{"embeddable":true,"href":"https:\/\/www.fznet.at\/index.php?rest_route=%2Fwp%2Fv2%2Fcomments&post=7"}],"version-history":[{"count":87,"href":"https:\/\/www.fznet.at\/index.php?rest_route=\/wp\/v2\/pages\/7\/revisions"}],"predecessor-version":[{"id":1927,"href":"https:\/\/www.fznet.at\/index.php?rest_route=\/wp\/v2\/pages\/7\/revisions\/1927"}],"wp:attachment":[{"href":"https:\/\/www.fznet.at\/index.php?rest_route=%2Fwp%2Fv2%2Fmedia&parent=7"}],"curies":[{"name":"wp","href":"https:\/\/api.w.org\/{rel}","templated":true}]}}