{"id":98,"date":"2024-09-17T16:13:39","date_gmt":"2024-09-17T14:13:39","guid":{"rendered":"https:\/\/www.fznet.at\/?page_id=98"},"modified":"2026-03-15T10:40:37","modified_gmt":"2026-03-15T09:40:37","slug":"mobility-projekt","status":"publish","type":"page","link":"https:\/\/www.fznet.at\/?page_id=98","title":{"rendered":"Projekte"},"content":{"rendered":"\t\t<div data-elementor-type=\"wp-page\" data-elementor-id=\"98\" class=\"elementor elementor-98\">\n\t\t\t\t<div class=\"elementor-element elementor-element-0295074 e-flex e-con-boxed e-con e-parent\" data-id=\"0295074\" data-element_type=\"container\" data-e-type=\"container\">\n\t\t\t\t\t<div class=\"e-con-inner\">\n\t\t\t\t<div class=\"elementor-element elementor-element-1f445cd elementor-widget elementor-widget-heading\" data-id=\"1f445cd\" data-element_type=\"widget\" data-e-type=\"widget\" data-widget_type=\"heading.default\">\n\t\t\t\t<div class=\"elementor-widget-container\">\n\t\t\t\t\t<h2 class=\"elementor-heading-title elementor-size-default\">Unsere Projekte<\/h2>\t\t\t\t<\/div>\n\t\t\t\t<\/div>\n\t\t\t\t\t<\/div>\n\t\t\t\t<\/div>\n\t\t<div class=\"elementor-element elementor-element-f2c10fa e-flex e-con-boxed e-con e-parent\" data-id=\"f2c10fa\" data-element_type=\"container\" data-e-type=\"container\">\n\t\t\t\t\t<div class=\"e-con-inner\">\n\t\t\t\t<div class=\"elementor-element elementor-element-7186124 elementor-widget elementor-widget-text-editor\" data-id=\"7186124\" data-element_type=\"widget\" data-e-type=\"widget\" data-widget_type=\"text-editor.default\">\n\t\t\t\t<div class=\"elementor-widget-container\">\n\t\t\t\t\t\t\t\t\t<p>Seit ihrer Gr\u00fcndung legt die RDO gro\u00dfes Augenmerk auf Nachhaltigkeit und Umweltvertr\u00e4glichkeit. 2024 wurden zus\u00e4tzlich Projekte initiiert, um die Aktivit\u00e4ten der RDO in hohem Ma\u00dfe klimavertr\u00e4glich zu betreiben. Es geht dabei auch darum, zu zeigen, dass und wie man in einer l\u00e4ndlichen Region in Afrika klimafit leben und wirtschaften kann.\u00a0Unsere Projekte:<\/p><h2>Mobilit\u00e4t<\/h2><p>Beim Mobility-Projekt geht es darum, anstatt Benzin-\/Diesel-betriebener Fahrzeuge zuk\u00fcnftig solche mit batterieelektrischem Antrieb einzusetzen.<\/p><p>In vielen St\u00e4dten Ostafrikas gibt es bereits Flotten von E-Motorr\u00e4dern und E-Tuktuks. Bisher sind aber alle Vorhaben gescheitert, batterieelektrisch betriebene Fahrzeuge auf den schlechten und steilen Stra\u00dfen in den l\u00e4ndlichen Gebieten Tansanias einzusetzen. Trotz \u00f6konomischer und \u00f6kologischer Vorteile.\u00a0Genau hier setzen wir an und haben\u00a0 im Nov 2024 einen <strong>Pilotbetrieb mit einem Lastendreirad (Tuktuk), einem Motorrad und einem Lastenfahrrad<\/strong> gestartet. Mehr <a href=\"https:\/\/www.eineweltgruppe.at\/post\/klimafreundliche-mobilitat-in-afrika\">hier<\/a> und <a href=\"https:\/\/www.eineweltgruppe.at\/post\/mobility-projekt\">hier<\/a><\/p><p>Seit Dezember 2025 ist im landwirtschaftlichen Schulungsbetrieb ein <strong>elektrisch betriebener Einachsschlepper<\/strong> in Betrieb. Drei Studenten der FH Vorarlberg haben den E-Antrieb entwickelt, vor Ort in Tansania zusammengebaut und den Schlepper in Betrieb genommen. Mehr <a href=\"https:\/\/www.eineweltgruppe.at\/post\/elektrifizierung-landwirtschaftlicher-maschinen\">hier<\/a> und <a href=\"https:\/\/www.fhv.at\/magazin\/mechatronik-kennt-keine-grenzen-34648\">hier<\/a>. Der Bedarf an solchen Fahrzeugen ist gro\u00df, es gibt aber bisher keinen Hersteller. Aber einen <a href=\"https:\/\/reb.systems\/de\/#home\">Plan<\/a>, den Philipp, Daniel und Markus verfolgen.\u00a0<\/p><h2>Energiegewinnung<\/h2><p>Schon seit Jahren sind kleine Anlagen zur Stromproduktion aus Sonne, Wind und Wasser in Betrieb. Ende 2024 wurde im landwirtschaftlichen Schulungsbetrieb eine <strong>PV-Anlage<\/strong> mit 4,5 kWp in Betrieb genommen. Damit k\u00f6nnen nebenbei auch alle E-Fahrzeuge geladen werden.<\/p><p>RDO will so rasch wie finanzierbar alle 4 Schulungszentren (je 5-20 kWp erforderlich) und die mehr als 20 Wasserpumpen (je 2-8 kWp) mit Solarstrom versorgen. Das technische Know-how ist inzwischen vorhanden.<\/p><h2>Landwirtschaft \/ Wiederaufforstung<\/h2><p>RDO betreibt seit jeher biologische Landwirtschaft, die landwirtschaftliche Ausbildung macht den Schwerpunkt an den Schulungszentren aus. Andererseits wurden die Prim\u00e4rw\u00e4lder Tansanias in den letzten Jahrzehnten fast vollst\u00e4ndig zerst\u00f6rt und meist durch Monokulturen, die dem Boden sehr schaden, ersetzt. Seit Ende 2025 laufen <strong>Pilotprojekte nach dem Prinzip der Syntropischen Landwirtschaft<\/strong>, um den Gem\u00fcse- und Obstanbau durch Baumbestand zu erg\u00e4nzen. Mit dem Ziel, Lebensmittel zu produzieren,\u00a0 gleichzeitig den Boden kontinuierlich zu verbessern und\u00a0 Treibhausgase im Boden und in B\u00e4umen zu binden (Klimaschutz). <a href=\"https:\/\/www.eineweltgruppe.at\/post\/syntropische-landwirtschaft-pilotprojekt\">Mehr&#8230;<\/a><\/p><h2>Kochen<\/h2><p>Ein Gro\u00dfteil der Haushalte bereitet ihre Nahrung auf traditionellen Dreisteinfeuerstellen (ein Kochtopf auf drei Steinen, offenes Feuer im Haus) zu. Es wird unn\u00f6tig viel Holz ben\u00f6tigt, die Rauchgase im Haus sind sch\u00e4dlich f\u00fcr Atemwege und Augen. Dar\u00fcberhinaus erleiden immer wieder Kinder schwere Verbrennungen an den offenen Feuern.<\/p><p>2026 beginnen wir mit dem Bau von <strong>Lehmspar\u00f6fen<\/strong>, wie sie auch schon in anderen Regionen verwendet werden. Mit dem Vorteil, dass auch Langholz, so wie die Menschen es gewohnt sind, verheizt werden kann, die sch\u00e4dlichen Abgase gelangen aber &#8211; im Gegensatz zur offenen Feuerstelle &#8211; \u00fcber einen Kamin direkt ins Freie. Der Verbrauch an Brennmaterial kann halbiert werden. Brennholzbearbeitung, wie wir es gewohnt sind, gibt es im Projektgebiet nicht, das entsprechende Werkzeug ist nicht vorhanden und es hat keine Tradition.<\/p>\t\t\t\t\t\t\t\t<\/div>\n\t\t\t\t<\/div>\n\t\t\t\t\t<\/div>\n\t\t\t\t<\/div>\n\t\t\t\t<\/div>\n\t\t","protected":false},"excerpt":{"rendered":"<p>Unsere Projekte Seit ihrer Gr\u00fcndung legt die RDO gro\u00dfes Augenmerk auf Nachhaltigkeit und Umweltvertr\u00e4glichkeit. 2024 wurden zus\u00e4tzlich Projekte initiiert, um die Aktivit\u00e4ten der RDO in hohem Ma\u00dfe klimavertr\u00e4glich zu betreiben. Es geht dabei auch darum, zu zeigen, dass und wie man in einer l\u00e4ndlichen Region in Afrika klimafit leben und wirtschaften kann.\u00a0Unsere Projekte: Mobilit\u00e4t Beim [&hellip;]<\/p>\n","protected":false},"author":1,"featured_media":0,"parent":0,"menu_order":0,"comment_status":"closed","ping_status":"closed","template":"","meta":{"om_disable_all_campaigns":false,"_monsterinsights_skip_tracking":false,"_monsterinsights_sitenote_active":false,"_monsterinsights_sitenote_note":"","_monsterinsights_sitenote_category":0,"ocean_post_layout":"","ocean_both_sidebars_style":"","ocean_both_sidebars_content_width":0,"ocean_both_sidebars_sidebars_width":0,"ocean_sidebar":"","ocean_second_sidebar":"","ocean_disable_margins":"enable","ocean_add_body_class":"","ocean_shortcode_before_top_bar":"","ocean_shortcode_after_top_bar":"","ocean_shortcode_before_header":"","ocean_shortcode_after_header":"","ocean_has_shortcode":"","ocean_shortcode_after_title":"","ocean_shortcode_before_footer_widgets":"","ocean_shortcode_after_footer_widgets":"","ocean_shortcode_before_footer_bottom":"","ocean_shortcode_after_footer_bottom":"","ocean_display_top_bar":"default","ocean_display_header":"default","ocean_header_style":"","ocean_center_header_left_menu":"","ocean_custom_header_template":"","ocean_custom_logo":0,"ocean_custom_retina_logo":0,"ocean_custom_logo_max_width":0,"ocean_custom_logo_tablet_max_width":0,"ocean_custom_logo_mobile_max_width":0,"ocean_custom_logo_max_height":0,"ocean_custom_logo_tablet_max_height":0,"ocean_custom_logo_mobile_max_height":0,"ocean_header_custom_menu":"","ocean_menu_typo_font_family":"","ocean_menu_typo_font_subset":"","ocean_menu_typo_font_size":0,"ocean_menu_typo_font_size_tablet":0,"ocean_menu_typo_font_size_mobile":0,"ocean_menu_typo_font_size_unit":"px","ocean_menu_typo_font_weight":"","ocean_menu_typo_font_weight_tablet":"","ocean_menu_typo_font_weight_mobile":"","ocean_menu_typo_transform":"","ocean_menu_typo_transform_tablet":"","ocean_menu_typo_transform_mobile":"","ocean_menu_typo_line_height":0,"ocean_menu_typo_line_height_tablet":0,"ocean_menu_typo_line_height_mobile":0,"ocean_menu_typo_line_height_unit":"","ocean_menu_typo_spacing":0,"ocean_menu_typo_spacing_tablet":0,"ocean_menu_typo_spacing_mobile":0,"ocean_menu_typo_spacing_unit":"","ocean_menu_link_color":"","ocean_menu_link_color_hover":"","ocean_menu_link_color_active":"","ocean_menu_link_background":"","ocean_menu_link_hover_background":"","ocean_menu_link_active_background":"","ocean_menu_social_links_bg":"","ocean_menu_social_hover_links_bg":"","ocean_menu_social_links_color":"","ocean_menu_social_hover_links_color":"","ocean_disable_title":"default","ocean_disable_heading":"default","ocean_post_title":"","ocean_post_subheading":"","ocean_post_title_style":"","ocean_post_title_background_color":"","ocean_post_title_background":0,"ocean_post_title_bg_image_position":"","ocean_post_title_bg_image_attachment":"","ocean_post_title_bg_image_repeat":"","ocean_post_title_bg_image_size":"","ocean_post_title_height":0,"ocean_post_title_bg_overlay":0.5,"ocean_post_title_bg_overlay_color":"","ocean_disable_breadcrumbs":"default","ocean_breadcrumbs_color":"","ocean_breadcrumbs_separator_color":"","ocean_breadcrumbs_links_color":"","ocean_breadcrumbs_links_hover_color":"","ocean_display_footer_widgets":"default","ocean_display_footer_bottom":"default","ocean_custom_footer_template":"","footnotes":""},"class_list":["post-98","page","type-page","status-publish","hentry","entry"],"aioseo_notices":[],"_links":{"self":[{"href":"https:\/\/www.fznet.at\/index.php?rest_route=\/wp\/v2\/pages\/98","targetHints":{"allow":["GET"]}}],"collection":[{"href":"https:\/\/www.fznet.at\/index.php?rest_route=\/wp\/v2\/pages"}],"about":[{"href":"https:\/\/www.fznet.at\/index.php?rest_route=\/wp\/v2\/types\/page"}],"author":[{"embeddable":true,"href":"https:\/\/www.fznet.at\/index.php?rest_route=\/wp\/v2\/users\/1"}],"replies":[{"embeddable":true,"href":"https:\/\/www.fznet.at\/index.php?rest_route=%2Fwp%2Fv2%2Fcomments&post=98"}],"version-history":[{"count":140,"href":"https:\/\/www.fznet.at\/index.php?rest_route=\/wp\/v2\/pages\/98\/revisions"}],"predecessor-version":[{"id":2068,"href":"https:\/\/www.fznet.at\/index.php?rest_route=\/wp\/v2\/pages\/98\/revisions\/2068"}],"wp:attachment":[{"href":"https:\/\/www.fznet.at\/index.php?rest_route=%2Fwp%2Fv2%2Fmedia&parent=98"}],"curies":[{"name":"wp","href":"https:\/\/api.w.org\/{rel}","templated":true}]}}